{"id":886,"date":"2024-09-19T01:52:57","date_gmt":"2024-09-19T01:52:57","guid":{"rendered":"https:\/\/bibliotequese.com\/main\/?page_id=886"},"modified":"2025-12-13T23:47:47","modified_gmt":"2025-12-13T23:47:47","slug":"lei","status":"publish","type":"page","link":"https:\/\/bibliotequese.com\/main\/lei\/","title":{"rendered":"Lei"},"content":{"rendered":"\n<figure class=\"wp-block-image alignfull size-full\"><img decoding=\"async\" src=\"https:\/\/bibliotequese.com\/main\/wp-content\/uploads\/2025\/12\/BIBLIOTEQUE-SE-13.svg\" alt=\"\" class=\"wp-image-1796\"\/><\/figure>\n\n\n\n<div class=\"wp-block-uagb-container uagb-block-7dd95baa alignfull uagb-is-root-container\"><div class=\"uagb-container-inner-blocks-wrap\">\n<div class=\"wp-block-uagb-info-box uagb-block-4044fa14 uagb-infobox__content-wrap  uagb-infobox-icon-above-title uagb-infobox-image-valign-top\"><div class=\"uagb-ifb-content\"><div class=\"uagb-ifb-title-wrap\"><div class=\"uagb-ifb-separator\"><\/div><h2 class=\"uagb-ifb-title\">Import\u00e2ncia e lei escrita<\/h2><\/div><p class=\"uagb-ifb-desc\">Segundo a p\u00e1gina do <a href=\"https:\/\/www.gov.br\/planalto\/pt-br\">Planalto.gov.br<\/a>, a Lei N\u00ba 14.837 diz:<\/p><\/div><\/div>\n\n\n\n<p><strong><mark style=\"background-color:rgba(0, 0, 0, 0);color:var(--ast-global-color-2)\" class=\"has-inline-color\">Art. 1\u00ba<\/mark><\/strong> A Lei n\u00ba 12.244, de 24 de maio de 2010, passa a vigorar com as seguintes altera\u00e7\u00f5es:<br><mark style=\"background-color:rgba(0, 0, 0, 0);color:var(--ast-global-color-2)\" class=\"has-inline-color\"><strong>Art. 2\u00ba<\/strong><\/mark> Para os fins desta Lei, considera-se biblioteca escolar o equipamento cultural obrigat\u00f3rio e necess\u00e1rio ao desenvolvimento do processo educativo, cujos objetivos s\u00e3o:<br><strong><mark style=\"background-color:rgba(0, 0, 0, 0);color:var(--ast-global-color-2)\" class=\"has-inline-color\">I &#8211;<\/mark><\/strong> disponibilizar e democratizar a informa\u00e7\u00e3o ao conhecimento e \u00e0s novas tecnologias, em seus diversos suportes;<br><strong><mark style=\"background-color:rgba(0, 0, 0, 0);color:var(--ast-global-color-2)\" class=\"has-inline-color\">II &#8211;<\/mark><\/strong> promover as habilidades, as compet\u00eancias e as atitudes que contribuam para a garantia dos direitos e objetivos de aprendizagem e desenvolvimento dos alunos e alunas, em especial no campo da leitura e da escrita;<br><strong><mark style=\"background-color:rgba(0, 0, 0, 0);color:var(--ast-global-color-2)\" class=\"has-inline-color\">III &#8211; <\/mark><\/strong>constituir-se como espa\u00e7o de recursos educativos indissociavelmente integrado ao processo de ensino-aprendizagem;<br><strong><mark style=\"background-color:rgba(0, 0, 0, 0);color:var(--ast-global-color-2)\" class=\"has-inline-color\">IV &#8211;<\/mark><\/strong> apresentar-se como espa\u00e7o de estudo, de encontro e de lazer, destinado a servir de suporte para a comunidade em suas necessidades e anseios.<br>Par\u00e1grafo \u00fanico. (Revogado).\u201d (NR)<br>\u201c<strong><mark style=\"background-color:rgba(0, 0, 0, 0);color:var(--ast-global-color-2)\" class=\"has-inline-color\">Art. 3\u00ba<\/mark><\/strong> Os sistemas de ensino do Pa\u00eds dever\u00e3o desenvolver esfor\u00e7os progressivos para que a universaliza\u00e7\u00e3o das bibliotecas escolares, nos termos previstos nesta Lei, seja efetivada no prazo m\u00e1ximo de vig\u00eancia do Plano Nacional de Educa\u00e7\u00e3o, aprovado pela Lei n\u00ba 13.005, de 25 de junho de 2014.<br><strong><mark style=\"background-color:rgba(0, 0, 0, 0);color:var(--ast-global-color-2)\" class=\"has-inline-color\">\u00a7 1\u00ba<\/mark><\/strong> (VETADO).<br><strong><mark style=\"background-color:rgba(0, 0, 0, 0);color:var(--ast-global-color-2)\" class=\"has-inline-color\">\u00a7 2\u00ba<\/mark><\/strong> O processo de universaliza\u00e7\u00e3o das bibliotecas escolares de que trata esta Lei ser\u00e1 feito mediante a observ\u00e2ncia do disposto nas Leis n\u00bas 4.084, de 30 de junho de 1962, e 9.674, de 25 de junho de 1998, que disp\u00f5em sobre o exerc\u00edcio da profiss\u00e3o de bibliotec\u00e1rio.<br><strong><mark style=\"background-color:rgba(0, 0, 0, 0);color:var(--ast-global-color-2)\" class=\"has-inline-color\">\u00a7 3\u00ba<\/mark><\/strong> A Uni\u00e3o, no exerc\u00edcio da fun\u00e7\u00e3o redistributiva e supletiva prevista no \u00a7 1\u00ba do art. 211 da Constitui\u00e7\u00e3o Federal, fornecer\u00e1 assist\u00eancia t\u00e9cnica e financeira aos entes federativos para o cumprimento dos esfor\u00e7os progressivos de universaliza\u00e7\u00e3o das bibliotecas escolares referidos no caput deste artigo, conforme disponibilidade or\u00e7ament\u00e1ria.\u201d (NR)<br><strong><mark style=\"background-color:rgba(0, 0, 0, 0);color:var(--ast-global-color-2)\" class=\"has-inline-color\">Art. 2\u00ba<\/mark><\/strong> A Lei n\u00ba 12.244, de 24 de maio de 2010, passa a vigorar acrescida do seguinte art. 2\u00ba-A:<br><strong>\u201c<mark style=\"background-color:rgba(0, 0, 0, 0);color:var(--ast-global-color-2)\" class=\"has-inline-color\">Art. 2\u00ba<\/mark><\/strong>-A Fica criado o Sistema Nacional de Bibliotecas Escolares (SNBE), com as seguintes fun\u00e7\u00f5es b\u00e1sicas:<br><mark style=\"background-color:rgba(0, 0, 0, 0);color:var(--ast-global-color-2)\" class=\"has-inline-color\"><strong>I &#8211;<\/strong><\/mark> incentivar a implanta\u00e7\u00e3o de bibliotecas escolares em todas as institui\u00e7\u00f5es de ensino do Pa\u00eds;<br><strong><mark style=\"background-color:rgba(0, 0, 0, 0);color:var(--ast-global-color-2)\" class=\"has-inline-color\">II &#8211;<\/mark><\/strong> promover a melhoria do funcionamento da atual rede de bibliotecas escolares, para que atuem como centros de a\u00e7\u00e3o cultural e educacional permanentes;<br><strong><mark style=\"background-color:rgba(0, 0, 0, 0);color:var(--ast-global-color-2)\" class=\"has-inline-color\">III &#8211;<\/mark><\/strong> definir a obrigatoriedade de um acervo m\u00ednimo de livros e de materiais de ensino nas bibliotecas escolares, com base no n\u00famero de alunos efetivamente matriculados em cada unidade escolar e nas especificidades da realidade local;<br><strong><mark style=\"background-color:rgba(0, 0, 0, 0);color:var(--ast-global-color-2)\" class=\"has-inline-color\">IV &#8211;<\/mark><\/strong> implementar uma pol\u00edtica de acervo para as bibliotecas escolares que contemple a\u00e7\u00f5es de amplia\u00e7\u00e3o, de guarda, de preserva\u00e7\u00e3o, de organiza\u00e7\u00e3o e de funcionamento;<br><strong><mark style=\"background-color:rgba(0, 0, 0, 0);color:var(--ast-global-color-2)\" class=\"has-inline-color\">V &#8211;<\/mark><\/strong> desenvolver atividades de treinamento e de qualifica\u00e7\u00e3o de recursos humanos, para o funcionamento adequado das bibliotecas escolares;<br><strong><mark style=\"background-color:rgba(0, 0, 0, 0);color:var(--ast-global-color-2)\" class=\"has-inline-color\">VI &#8211;<\/mark><\/strong> integrar todas as bibliotecas escolares do Pa\u00eds na rede mundial de computadores e manter atualizado o cadastramento de todas as bibliotecas dos respectivos sistemas de ensino;<br><strong><mark style=\"background-color:rgba(0, 0, 0, 0);color:var(--ast-global-color-2)\" class=\"has-inline-color\">VII &#8211;<\/mark><\/strong> proporcionar, obedecida a legisla\u00e7\u00e3o vigente, a cria\u00e7\u00e3o e a atualiza\u00e7\u00e3o de acervos, mediante apoio t\u00e9cnico e financeiro da Uni\u00e3o aos sistemas estaduais e municipais de ensino;<br><strong><mark style=\"background-color:rgba(0, 0, 0, 0);color:var(--ast-global-color-2)\" class=\"has-inline-color\">VIII &#8211;<\/mark><\/strong> favorecer a a\u00e7\u00e3o dos sistemas estaduais e municipais de ensino, para que os profissionais vinculados \u00e0s bibliotecas escolares atuem como agentes culturais, em favor do livro e de uma pol\u00edtica de leitura nas escolas;<br><mark style=\"background-color:rgba(0, 0, 0, 0);color:var(--ast-global-color-2)\" class=\"has-inline-color\"><strong>IX &#8211;<\/strong><\/mark> firmar conv\u00eanios com entidades culturais, com vistas \u00e0 amplia\u00e7\u00e3o do acervo das bibliotecas escolares e \u00e0 promo\u00e7\u00e3o de atividades que contribuam para o desenvolvimento da leitura nas escolas;<br><strong><mark style=\"background-color:rgba(0, 0, 0, 0);color:var(--ast-global-color-2)\" class=\"has-inline-color\">X &#8211;<\/mark><\/strong> estabelecer par\u00e2metros m\u00ednimos funcionais para a instala\u00e7\u00e3o f\u00edsica das bibliotecas no \u00e2mbito das escolas, em aten\u00e7\u00e3o ao princ\u00edpio da acessibilidade, a fim de que se constituam espa\u00e7os inclusivos.<br>Par\u00e1grafo \u00fanico. Respeitado o princ\u00edpio federativo, o SNBE atuar\u00e1 para fortalecer os respectivos sistemas de ensino dos Estados, do Distrito Federal e dos Munic\u00edpios.\u201d<br><strong><mark style=\"background-color:rgba(0, 0, 0, 0);color:var(--ast-global-color-2)\" class=\"has-inline-color\">Art. 3\u00ba<\/mark><\/strong> Esta Lei entra em vigor na data de sua publica\u00e7\u00e3o.<br>Bras\u00edlia, 8 de abril de 2024; 203o da Independ\u00eancia e 136o da Rep\u00fablica.<br><strong><mark style=\"background-color:rgba(0, 0, 0, 0);color:var(--ast-global-color-2)\" class=\"has-inline-color\">Art. 3\u00ba<\/mark><\/strong> Esta Lei entra em vigor na data de sua publica\u00e7\u00e3o.<br>Bras\u00edlia, 8 de abril de 2024; 203o da Independ\u00eancia e 136o da Rep\u00fablica.<\/p>\n<\/div><\/div>\n\n\n\n<div class=\"wp-block-uagb-container uagb-block-18b3bf3f alignfull uagb-is-root-container\"><div class=\"uagb-container-inner-blocks-wrap\">\n<div class=\"wp-block-uagb-info-box uagb-block-785d4755 uagb-infobox__content-wrap  uagb-infobox-icon-above-title uagb-infobox-image-valign-top\"><div class=\"uagb-ifb-content\"><div class=\"uagb-ifb-title-wrap\"><div class=\"uagb-ifb-separator\"><\/div><h2 class=\"uagb-ifb-title\">Transforme sua biblioteca conosco agora mesmo<\/h2><\/div><div class=\"uagb-ifb-button-wrapper wp-block-button\"><a href=\"..\/..\/main\/\" class=\"uagb-infobox-cta-link wp-block-button__link\" target=\"_self\" rel=\"noopener noreferrer\" onclick=\"return true;\"><span class=\"uagb-inline-editing\">Saiba mais<\/span><\/a><\/div><\/div><\/div>\n<\/div><\/div>\n","protected":false},"excerpt":{"rendered":"<p>Art. 1\u00ba A Lei n\u00ba 12.244, de 24 de maio de 2010, passa a vigorar com as seguintes altera\u00e7\u00f5es:Art. 2\u00ba [&hellip;]<\/p>\n","protected":false},"author":1,"featured_media":0,"parent":0,"menu_order":0,"comment_status":"closed","ping_status":"closed","template":"","meta":{"_uag_custom_page_level_css":"","site-sidebar-layout":"default","site-content-layout":"","ast-site-content-layout":"full-width-container","site-content-style":"default","site-sidebar-style":"default","ast-global-header-display":"","ast-banner-title-visibility":"","ast-main-header-display":"","ast-hfb-above-header-display":"","ast-hfb-below-header-display":"","ast-hfb-mobile-header-display":"","site-post-title":"disabled","ast-breadcrumbs-content":"","ast-featured-img":"","footer-sml-layout":"","theme-transparent-header-meta":"enabled","adv-header-id-meta":"","stick-header-meta":"","header-above-stick-meta":"","header-main-stick-meta":"","header-below-stick-meta":"","astra-migrate-meta-layouts":"default","ast-page-background-enabled":"default","ast-page-background-meta":{"desktop":{"background-color":"var(--ast-global-color-4)","background-image":"","background-repeat":"repeat","background-position":"center center","background-size":"auto","background-attachment":"scroll","background-type":"","background-media":"","overlay-type":"","overlay-color":"","overlay-opacity":"","overlay-gradient":""},"tablet":{"background-color":"","background-image":"","background-repeat":"repeat","background-position":"center center","background-size":"auto","background-attachment":"scroll","background-type":"","background-media":"","overlay-type":"","overlay-color":"","overlay-opacity":"","overlay-gradient":""},"mobile":{"background-color":"","background-image":"","background-repeat":"repeat","background-position":"center center","background-size":"auto","background-attachment":"scroll","background-type":"","background-media":"","overlay-type":"","overlay-color":"","overlay-opacity":"","overlay-gradient":""}},"ast-content-background-meta":{"desktop":{"background-color":"var(--ast-global-color-5)","background-image":"","background-repeat":"repeat","background-position":"center center","background-size":"auto","background-attachment":"scroll","background-type":"","background-media":"","overlay-type":"","overlay-color":"","overlay-opacity":"","overlay-gradient":""},"tablet":{"background-color":"var(--ast-global-color-5)","background-image":"","background-repeat":"repeat","background-position":"center center","background-size":"auto","background-attachment":"scroll","background-type":"","background-media":"","overlay-type":"","overlay-color":"","overlay-opacity":"","overlay-gradient":""},"mobile":{"background-color":"var(--ast-global-color-5)","background-image":"","background-repeat":"repeat","background-position":"center center","background-size":"auto","background-attachment":"scroll","background-type":"","background-media":"","overlay-type":"","overlay-color":"","overlay-opacity":"","overlay-gradient":""}},"footnotes":""},"class_list":["post-886","page","type-page","status-publish","hentry"],"yoast_head":"<!-- This site is optimized with the Yoast SEO plugin v26.8 - https:\/\/yoast.com\/product\/yoast-seo-wordpress\/ -->\n<title>Lei -<\/title>\n<meta name=\"robots\" content=\"index, follow, max-snippet:-1, max-image-preview:large, max-video-preview:-1\" \/>\n<link rel=\"canonical\" href=\"https:\/\/bibliotequese.com\/main\/lei\/\" \/>\n<meta property=\"og:locale\" content=\"pt_BR\" \/>\n<meta property=\"og:type\" content=\"article\" \/>\n<meta property=\"og:title\" content=\"Lei -\" \/>\n<meta property=\"og:description\" content=\"Art. 1\u00ba A Lei n\u00ba 12.244, de 24 de maio de 2010, passa a vigorar com as seguintes altera\u00e7\u00f5es:Art. 2\u00ba [&hellip;]\" \/>\n<meta property=\"og:url\" content=\"https:\/\/bibliotequese.com\/main\/lei\/\" \/>\n<meta property=\"article:modified_time\" content=\"2025-12-13T23:47:47+00:00\" \/>\n<meta name=\"twitter:card\" content=\"summary_large_image\" \/>\n<meta name=\"twitter:label1\" content=\"Est. tempo de leitura\" \/>\n\t<meta name=\"twitter:data1\" content=\"4 minutos\" \/>\n<script type=\"application\/ld+json\" class=\"yoast-schema-graph\">{\"@context\":\"https:\/\/schema.org\",\"@graph\":[{\"@type\":\"WebPage\",\"@id\":\"https:\/\/bibliotequese.com\/main\/lei\/\",\"url\":\"https:\/\/bibliotequese.com\/main\/lei\/\",\"name\":\"Lei -\",\"isPartOf\":{\"@id\":\"https:\/\/bibliotequese.com\/main\/#website\"},\"primaryImageOfPage\":{\"@id\":\"https:\/\/bibliotequese.com\/main\/lei\/#primaryimage\"},\"image\":{\"@id\":\"https:\/\/bibliotequese.com\/main\/lei\/#primaryimage\"},\"thumbnailUrl\":\"https:\/\/bibliotequese.com\/main\/wp-content\/uploads\/2025\/12\/BIBLIOTEQUE-SE-13.svg\",\"datePublished\":\"2024-09-19T01:52:57+00:00\",\"dateModified\":\"2025-12-13T23:47:47+00:00\",\"breadcrumb\":{\"@id\":\"https:\/\/bibliotequese.com\/main\/lei\/#breadcrumb\"},\"inLanguage\":\"pt-BR\",\"potentialAction\":[{\"@type\":\"ReadAction\",\"target\":[\"https:\/\/bibliotequese.com\/main\/lei\/\"]}]},{\"@type\":\"ImageObject\",\"inLanguage\":\"pt-BR\",\"@id\":\"https:\/\/bibliotequese.com\/main\/lei\/#primaryimage\",\"url\":\"https:\/\/bibliotequese.com\/main\/wp-content\/uploads\/2025\/12\/BIBLIOTEQUE-SE-13.svg\",\"contentUrl\":\"https:\/\/bibliotequese.com\/main\/wp-content\/uploads\/2025\/12\/BIBLIOTEQUE-SE-13.svg\"},{\"@type\":\"BreadcrumbList\",\"@id\":\"https:\/\/bibliotequese.com\/main\/lei\/#breadcrumb\",\"itemListElement\":[{\"@type\":\"ListItem\",\"position\":1,\"name\":\"In\u00edcio\",\"item\":\"https:\/\/bibliotequese.com\/main\/\"},{\"@type\":\"ListItem\",\"position\":2,\"name\":\"Lei\"}]},{\"@type\":\"WebSite\",\"@id\":\"https:\/\/bibliotequese.com\/main\/#website\",\"url\":\"https:\/\/bibliotequese.com\/main\/\",\"name\":\"Biblioteque-se\",\"description\":\"\",\"publisher\":{\"@id\":\"https:\/\/bibliotequese.com\/main\/#organization\"},\"potentialAction\":[{\"@type\":\"SearchAction\",\"target\":{\"@type\":\"EntryPoint\",\"urlTemplate\":\"https:\/\/bibliotequese.com\/main\/?s={search_term_string}\"},\"query-input\":{\"@type\":\"PropertyValueSpecification\",\"valueRequired\":true,\"valueName\":\"search_term_string\"}}],\"inLanguage\":\"pt-BR\"},{\"@type\":\"Organization\",\"@id\":\"https:\/\/bibliotequese.com\/main\/#organization\",\"name\":\"Biblioteque-se\",\"url\":\"https:\/\/bibliotequese.com\/main\/\",\"logo\":{\"@type\":\"ImageObject\",\"inLanguage\":\"pt-BR\",\"@id\":\"https:\/\/bibliotequese.com\/main\/#\/schema\/logo\/image\/\",\"url\":\"https:\/\/bibliotequese.com\/main\/wp-content\/uploads\/2025\/03\/cropped-Sem_titulo-removebg-preview-1.png\",\"contentUrl\":\"https:\/\/bibliotequese.com\/main\/wp-content\/uploads\/2025\/03\/cropped-Sem_titulo-removebg-preview-1.png\",\"width\":801,\"height\":228,\"caption\":\"Biblioteque-se\"},\"image\":{\"@id\":\"https:\/\/bibliotequese.com\/main\/#\/schema\/logo\/image\/\"}}]}<\/script>\n<!-- \/ Yoast SEO plugin. -->","yoast_head_json":{"title":"Lei -","robots":{"index":"index","follow":"follow","max-snippet":"max-snippet:-1","max-image-preview":"max-image-preview:large","max-video-preview":"max-video-preview:-1"},"canonical":"https:\/\/bibliotequese.com\/main\/lei\/","og_locale":"pt_BR","og_type":"article","og_title":"Lei -","og_description":"Art. 1\u00ba A Lei n\u00ba 12.244, de 24 de maio de 2010, passa a vigorar com as seguintes altera\u00e7\u00f5es:Art. 2\u00ba [&hellip;]","og_url":"https:\/\/bibliotequese.com\/main\/lei\/","article_modified_time":"2025-12-13T23:47:47+00:00","twitter_card":"summary_large_image","twitter_misc":{"Est. tempo de leitura":"4 minutos"},"schema":{"@context":"https:\/\/schema.org","@graph":[{"@type":"WebPage","@id":"https:\/\/bibliotequese.com\/main\/lei\/","url":"https:\/\/bibliotequese.com\/main\/lei\/","name":"Lei -","isPartOf":{"@id":"https:\/\/bibliotequese.com\/main\/#website"},"primaryImageOfPage":{"@id":"https:\/\/bibliotequese.com\/main\/lei\/#primaryimage"},"image":{"@id":"https:\/\/bibliotequese.com\/main\/lei\/#primaryimage"},"thumbnailUrl":"https:\/\/bibliotequese.com\/main\/wp-content\/uploads\/2025\/12\/BIBLIOTEQUE-SE-13.svg","datePublished":"2024-09-19T01:52:57+00:00","dateModified":"2025-12-13T23:47:47+00:00","breadcrumb":{"@id":"https:\/\/bibliotequese.com\/main\/lei\/#breadcrumb"},"inLanguage":"pt-BR","potentialAction":[{"@type":"ReadAction","target":["https:\/\/bibliotequese.com\/main\/lei\/"]}]},{"@type":"ImageObject","inLanguage":"pt-BR","@id":"https:\/\/bibliotequese.com\/main\/lei\/#primaryimage","url":"https:\/\/bibliotequese.com\/main\/wp-content\/uploads\/2025\/12\/BIBLIOTEQUE-SE-13.svg","contentUrl":"https:\/\/bibliotequese.com\/main\/wp-content\/uploads\/2025\/12\/BIBLIOTEQUE-SE-13.svg"},{"@type":"BreadcrumbList","@id":"https:\/\/bibliotequese.com\/main\/lei\/#breadcrumb","itemListElement":[{"@type":"ListItem","position":1,"name":"In\u00edcio","item":"https:\/\/bibliotequese.com\/main\/"},{"@type":"ListItem","position":2,"name":"Lei"}]},{"@type":"WebSite","@id":"https:\/\/bibliotequese.com\/main\/#website","url":"https:\/\/bibliotequese.com\/main\/","name":"Biblioteque-se","description":"","publisher":{"@id":"https:\/\/bibliotequese.com\/main\/#organization"},"potentialAction":[{"@type":"SearchAction","target":{"@type":"EntryPoint","urlTemplate":"https:\/\/bibliotequese.com\/main\/?s={search_term_string}"},"query-input":{"@type":"PropertyValueSpecification","valueRequired":true,"valueName":"search_term_string"}}],"inLanguage":"pt-BR"},{"@type":"Organization","@id":"https:\/\/bibliotequese.com\/main\/#organization","name":"Biblioteque-se","url":"https:\/\/bibliotequese.com\/main\/","logo":{"@type":"ImageObject","inLanguage":"pt-BR","@id":"https:\/\/bibliotequese.com\/main\/#\/schema\/logo\/image\/","url":"https:\/\/bibliotequese.com\/main\/wp-content\/uploads\/2025\/03\/cropped-Sem_titulo-removebg-preview-1.png","contentUrl":"https:\/\/bibliotequese.com\/main\/wp-content\/uploads\/2025\/03\/cropped-Sem_titulo-removebg-preview-1.png","width":801,"height":228,"caption":"Biblioteque-se"},"image":{"@id":"https:\/\/bibliotequese.com\/main\/#\/schema\/logo\/image\/"}}]}},"uagb_featured_image_src":{"full":false,"thumbnail":false,"medium":false,"medium_large":false,"large":false,"1536x1536":false,"2048x2048":false},"uagb_author_info":{"display_name":"taila_biblio","author_link":"https:\/\/bibliotequese.com\/main\/author\/taila_biblio\/"},"uagb_comment_info":0,"uagb_excerpt":"Art. 1\u00ba A Lei n\u00ba 12.244, de 24 de maio de 2010, passa a vigorar com as seguintes altera\u00e7\u00f5es:Art. 2\u00ba [&hellip;]","_links":{"self":[{"href":"https:\/\/bibliotequese.com\/main\/wp-json\/wp\/v2\/pages\/886","targetHints":{"allow":["GET"]}}],"collection":[{"href":"https:\/\/bibliotequese.com\/main\/wp-json\/wp\/v2\/pages"}],"about":[{"href":"https:\/\/bibliotequese.com\/main\/wp-json\/wp\/v2\/types\/page"}],"author":[{"embeddable":true,"href":"https:\/\/bibliotequese.com\/main\/wp-json\/wp\/v2\/users\/1"}],"replies":[{"embeddable":true,"href":"https:\/\/bibliotequese.com\/main\/wp-json\/wp\/v2\/comments?post=886"}],"version-history":[{"count":19,"href":"https:\/\/bibliotequese.com\/main\/wp-json\/wp\/v2\/pages\/886\/revisions"}],"predecessor-version":[{"id":1797,"href":"https:\/\/bibliotequese.com\/main\/wp-json\/wp\/v2\/pages\/886\/revisions\/1797"}],"wp:attachment":[{"href":"https:\/\/bibliotequese.com\/main\/wp-json\/wp\/v2\/media?parent=886"}],"curies":[{"name":"wp","href":"https:\/\/api.w.org\/{rel}","templated":true}]}}