{"id":37,"date":"2024-09-19T00:43:52","date_gmt":"2024-09-19T00:43:52","guid":{"rendered":"https:\/\/bibliotequese.com\/main\/contact\/"},"modified":"2025-12-13T22:09:32","modified_gmt":"2025-12-13T22:09:32","slug":"contato","status":"publish","type":"page","link":"https:\/\/bibliotequese.com\/main\/contato\/","title":{"rendered":"Contato"},"content":{"rendered":"\n<div class=\"wp-block-uagb-container uagb-block-81450f7d alignfull uagb-is-root-container\"><div class=\"uagb-container-inner-blocks-wrap\">\n<div class=\"wp-block-uagb-advanced-heading uagb-block-5d286853\"><h1 class=\"uagb-heading-text\">Contate-nos para Consultas<\/h1><\/div>\n<\/div><\/div>\n\n\n\n<div class=\"wp-block-uagb-container uagb-block-7dd95baa alignfull uagb-is-root-container\"><div class=\"uagb-container-inner-blocks-wrap\">\n<div class=\"wp-block-uagb-info-box uagb-block-4044fa14 uagb-infobox__content-wrap  uagb-infobox-icon-above-title uagb-infobox-image-valign-top\"><div class=\"uagb-ifb-content\"><div class=\"uagb-ifb-title-wrap\"><div class=\"uagb-ifb-separator\"><\/div><h2 class=\"uagb-ifb-title\">Entre em Contato Conosco<\/h2><\/div><\/div><\/div>\n\n\n\n<div class=\"wp-block-uagb-container uagb-block-1b5e7d16 alignfull uagb-is-root-container\"><div class=\"uagb-container-inner-blocks-wrap\">\n<div class=\"wp-block-uagb-forms uagb-forms__outer-wrap uagb-block-ddd200a6 uagb-forms__default-btn\"><form class=\"uagb-forms-main-form\" method=\"post\" autocomplete=\"on\" name=\"uagb-form-ddd200a6\">\n<div class=\"wp-block-uagb-forms-name uagb-forms-name-wrap uagb-forms-field-set uagb-block-9b597b37\"><div class=\"uagb-forms-name-label required uagb-forms-input-label\" id=\"9b597b37\">Nome completo<\/div><input type=\"text\" placeholder=\"Jo\u00e3o\" required class=\"uagb-forms-name-input uagb-forms-input\" name=\"9b597b37\" autocomplete=\"given-name\"\/><\/div>\n\n\n\n<div class=\"wp-block-uagb-forms-email uagb-forms-email-wrap uagb-forms-field-set uagb-block-70147dbc\"><div class=\"uagb-forms-email-label required uagb-forms-input-label\" id=\"70147dbc\">E-mail<\/div><input type=\"email\" class=\"uagb-forms-email-input uagb-forms-input\" placeholder=\"joao.silva@email.com\" required name=\"70147dbc\" autocomplete=\"email\"\/><\/div>\n\n\n\n<div class=\"wp-block-uagb-forms-textarea uagb-forms-textarea-wrap uagb-forms-field-set uagb-block-0f972435\"><div class=\"uagb-forms-textarea-label required uagb-forms-input-label\" id=\"0f972435\">Mensagem<\/div><textarea required class=\"uagb-forms-textarea-input uagb-forms-input\" rows=\"3\" placeholder=\"Digite sua mensagem aqui...\" name=\"0f972435\" autocomplete=\"street-address\"><\/textarea><\/div>\n<div class=\"uagb-forms-form-hidden-data\"><input type=\"hidden\" class=\"uagb_forms_form_label\" value=\"Spectra Form\"\/><input type=\"hidden\" class=\"uagb_forms_form_id\" value=\"uagb-form-ddd200a6\"\/><\/div><div class=\"uagb-form-reacaptcha-error-ddd200a6\"><\/div><div class=\"uagb-forms-main-submit-button-wrap wp-block-button\"><button class=\"uagb-forms-main-submit-button wp-block-button__link\"><div class=\"uagb-forms-main-submit-button-text\">Enviar Mensagem<\/div><\/button><\/div><\/form><div class=\"uagb-forms-success-message-ddd200a6 uagb-forms-submit-message-hide\"><span>O formul\u00e1rio foi enviado com sucesso!<\/span><\/div><div class=\"uagb-forms-failed-message-ddd200a6 uagb-forms-submit-message-hide\"><span>Ocorreu algum erro ao enviar o formul\u00e1rio. Verifique todos os campos do formul\u00e1rio novamente.<\/span><\/div><\/div>\n\n\n\n<div class=\"wp-block-uagb-container uagb-block-d0e08a57\">\n<div class=\"wp-block-uagb-advanced-heading uagb-block-cbd4e5db\"><p class=\"uagb-heading-text\">Estamos aqui para ajudar. Envie suas d\u00favidas ou solicite mais informa\u00e7\u00f5es.<\/p><\/div>\n\n\n\n<div class=\"wp-block-uagb-separator uagb-block-c0385376\"><div class=\"wp-block-uagb-separator__inner\" style=\"--my-background-image:\"><\/div><\/div>\n\n\n\n<p><strong>Telefone e whatsapp: 11 96730-8290<\/strong><\/p>\n\n\n\n<div class=\"wp-block-uagb-separator uagb-block-bc6741b1\"><div class=\"wp-block-uagb-separator__inner\" style=\"--my-background-image:\"><\/div><\/div>\n\n\n\n<div class=\"wp-block-uagb-advanced-heading uagb-block-7f9f5b3b\"><p class=\"uagb-heading-text\">Siga-nos:<\/p><\/div>\n\n\n\n<div class=\"wp-block-uagb-icon-list uagb-block-1c43bf6f\"><div class=\"uagb-icon-list__wrap\">\n<div class=\"wp-block-uagb-icon-list-child uagb-block-fb245cb0\"><a target=\"_blank\" aria-label=\"List item\" rel=\"noopener noreferrer\" href=\"#\"> <\/a><span class=\"uagb-icon-list__source-wrap\"><svg xmlns=\"https:\/\/www.w3.org\/2000\/svg\" viewBox=\"0 0 512 512\"><path d=\"M504 256C504 119 393 8 256 8S8 119 8 256c0 123.8 90.69 226.4 209.3 245V327.7h-63V256h63v-54.64c0-62.15 37-96.48 93.67-96.48 27.14 0 55.52 4.84 55.52 4.84v61h-31.28c-30.8 0-40.41 19.12-40.41 38.73V256h68.78l-11 71.69h-57.78V501C413.3 482.4 504 379.8 504 256z\"><\/path><\/svg><\/span><\/div>\n\n\n\n<div class=\"wp-block-uagb-icon-list-child uagb-block-3f273a3c\"><a target=\"_blank\" aria-label=\"List item\" rel=\"noopener noreferrer\" href=\"#\"> <\/a><span class=\"uagb-icon-list__source-wrap\"><svg xmlns=\"https:\/\/www.w3.org\/2000\/svg\" viewBox=\"0 0 512 512\"><path d=\"M459.4 151.7c.325 4.548 .325 9.097 .325 13.65 0 138.7-105.6 298.6-298.6 298.6-59.45 0-114.7-17.22-161.1-47.11 8.447 .974 16.57 1.299 25.34 1.299 49.06 0 94.21-16.57 130.3-44.83-46.13-.975-84.79-31.19-98.11-72.77 6.498 .974 12.99 1.624 19.82 1.624 9.421 0 18.84-1.3 27.61-3.573-48.08-9.747-84.14-51.98-84.14-102.1v-1.299c13.97 7.797 30.21 12.67 47.43 13.32-28.26-18.84-46.78-51.01-46.78-87.39 0-19.49 5.197-37.36 14.29-52.95 51.65 63.67 129.3 105.3 216.4 109.8-1.624-7.797-2.599-15.92-2.599-24.04 0-57.83 46.78-104.9 104.9-104.9 30.21 0 57.5 12.67 76.67 33.14 23.72-4.548 46.46-13.32 66.6-25.34-7.798 24.37-24.37 44.83-46.13 57.83 21.12-2.273 41.58-8.122 60.43-16.24-14.29 20.79-32.16 39.31-52.63 54.25z\"><\/path><\/svg><\/span><\/div>\n\n\n\n<div class=\"wp-block-uagb-icon-list-child uagb-block-25bd11af\"><a target=\"_blank\" aria-label=\"List item\" rel=\"noopener noreferrer\" href=\"#\"> <\/a><span class=\"uagb-icon-list__source-wrap\"><svg xmlns=\"https:\/\/www.w3.org\/2000\/svg\" viewBox=\"0 0 448 512\"><path d=\"M224.1 141c-63.6 0-114.9 51.3-114.9 114.9s51.3 114.9 114.9 114.9S339 319.5 339 255.9 287.7 141 224.1 141zm0 189.6c-41.1 0-74.7-33.5-74.7-74.7s33.5-74.7 74.7-74.7 74.7 33.5 74.7 74.7-33.6 74.7-74.7 74.7zm146.4-194.3c0 14.9-12 26.8-26.8 26.8-14.9 0-26.8-12-26.8-26.8s12-26.8 26.8-26.8 26.8 12 26.8 26.8zm76.1 27.2c-1.7-35.9-9.9-67.7-36.2-93.9-26.2-26.2-58-34.4-93.9-36.2-37-2.1-147.9-2.1-184.9 0-35.8 1.7-67.6 9.9-93.9 36.1s-34.4 58-36.2 93.9c-2.1 37-2.1 147.9 0 184.9 1.7 35.9 9.9 67.7 36.2 93.9s58 34.4 93.9 36.2c37 2.1 147.9 2.1 184.9 0 35.9-1.7 67.7-9.9 93.9-36.2 26.2-26.2 34.4-58 36.2-93.9 2.1-37 2.1-147.8 0-184.8zM398.8 388c-7.8 19.6-22.9 34.7-42.6 42.6-29.5 11.7-99.5 9-132.1 9s-102.7 2.6-132.1-9c-19.6-7.8-34.7-22.9-42.6-42.6-11.7-29.5-9-99.5-9-132.1s-2.6-102.7 9-132.1c7.8-19.6 22.9-34.7 42.6-42.6 29.5-11.7 99.5-9 132.1-9s102.7-2.6 132.1 9c19.6 7.8 34.7 22.9 42.6 42.6 11.7 29.5 9 99.5 9 132.1s2.7 102.7-9 132.1z\"><\/path><\/svg><\/span><\/div>\n\n\n\n<div class=\"wp-block-uagb-icon-list-child uagb-block-1d9b7785\"><a target=\"_blank\" aria-label=\"List item\" rel=\"noopener noreferrer\" href=\"#\"> <\/a><span class=\"uagb-icon-list__source-wrap\"><svg xmlns=\"https:\/\/www.w3.org\/2000\/svg\" viewBox=\"0 0 448 512\"><path d=\"M416 32H31.9C14.3 32 0 46.5 0 64.3v383.4C0 465.5 14.3 480 31.9 480H416c17.6 0 32-14.5 32-32.3V64.3c0-17.8-14.4-32.3-32-32.3zM135.4 416H69V202.2h66.5V416zm-33.2-243c-21.3 0-38.5-17.3-38.5-38.5S80.9 96 102.2 96c21.2 0 38.5 17.3 38.5 38.5 0 21.3-17.2 38.5-38.5 38.5zm282.1 243h-66.4V312c0-24.8-.5-56.7-34.5-56.7-34.6 0-39.9 27-39.9 54.9V416h-66.4V202.2h63.7v29.2h.9c8.9-16.8 30.6-34.5 62.9-34.5 67.2 0 79.7 44.3 79.7 101.9V416z\"><\/path><\/svg><\/span><\/div>\n\n\n\n<div class=\"wp-block-uagb-icon-list-child uagb-block-34f56c1c\"><a target=\"_blank\" aria-label=\"List item\" rel=\"noopener noreferrer\" href=\"#\"> <\/a><span class=\"uagb-icon-list__source-wrap\"><svg xmlns=\"https:\/\/www.w3.org\/2000\/svg\" viewBox=\"0 0 576 512\"><path d=\"M549.7 124.1c-6.281-23.65-24.79-42.28-48.28-48.6C458.8 64 288 64 288 64S117.2 64 74.63 75.49c-23.5 6.322-42 24.95-48.28 48.6-11.41 42.87-11.41 132.3-11.41 132.3s0 89.44 11.41 132.3c6.281 23.65 24.79 41.5 48.28 47.82C117.2 448 288 448 288 448s170.8 0 213.4-11.49c23.5-6.321 42-24.17 48.28-47.82 11.41-42.87 11.41-132.3 11.41-132.3s0-89.44-11.41-132.3zm-317.5 213.5V175.2l142.7 81.21-142.7 81.2z\"><\/path><\/svg><\/span><\/div>\n<\/div><\/div>\n<\/div>\n<\/div><\/div>\n<\/div><\/div>\n\n\n\n<p><\/p>\n","protected":false},"excerpt":{"rendered":"<p>Contate-nos para Consultas Estamos aqui para ajudar. Envie suas d\u00favidas ou solicite mais informa\u00e7\u00f5es. Telefone e whatsapp: 11 96730-8290 Siga-nos:<\/p>\n","protected":false},"author":1,"featured_media":0,"parent":0,"menu_order":0,"comment_status":"closed","ping_status":"closed","template":"","meta":{"_uag_custom_page_level_css":"","site-sidebar-layout":"default","site-content-layout":"","ast-site-content-layout":"full-width-container","site-content-style":"default","site-sidebar-style":"default","ast-global-header-display":"","ast-banner-title-visibility":"","ast-main-header-display":"","ast-hfb-above-header-display":"","ast-hfb-below-header-display":"","ast-hfb-mobile-header-display":"","site-post-title":"disabled","ast-breadcrumbs-content":"","ast-featured-img":"","footer-sml-layout":"","theme-transparent-header-meta":"enabled","adv-header-id-meta":"","stick-header-meta":"","header-above-stick-meta":"","header-main-stick-meta":"","header-below-stick-meta":"","astra-migrate-meta-layouts":"default","ast-page-background-enabled":"default","ast-page-background-meta":{"desktop":{"background-color":"var(--ast-global-color-4)","background-image":"","background-repeat":"repeat","background-position":"center center","background-size":"auto","background-attachment":"scroll","background-type":"","background-media":"","overlay-type":"","overlay-color":"","overlay-opacity":"","overlay-gradient":""},"tablet":{"background-color":"","background-image":"","background-repeat":"repeat","background-position":"center center","background-size":"auto","background-attachment":"scroll","background-type":"","background-media":"","overlay-type":"","overlay-color":"","overlay-opacity":"","overlay-gradient":""},"mobile":{"background-color":"","background-image":"","background-repeat":"repeat","background-position":"center center","background-size":"auto","background-attachment":"scroll","background-type":"","background-media":"","overlay-type":"","overlay-color":"","overlay-opacity":"","overlay-gradient":""}},"ast-content-background-meta":{"desktop":{"background-color":"var(--ast-global-color-5)","background-image":"","background-repeat":"repeat","background-position":"center center","background-size":"auto","background-attachment":"scroll","background-type":"","background-media":"","overlay-type":"","overlay-color":"","overlay-opacity":"","overlay-gradient":""},"tablet":{"background-color":"var(--ast-global-color-5)","background-image":"","background-repeat":"repeat","background-position":"center center","background-size":"auto","background-attachment":"scroll","background-type":"","background-media":"","overlay-type":"","overlay-color":"","overlay-opacity":"","overlay-gradient":""},"mobile":{"background-color":"var(--ast-global-color-5)","background-image":"","background-repeat":"repeat","background-position":"center center","background-size":"auto","background-attachment":"scroll","background-type":"","background-media":"","overlay-type":"","overlay-color":"","overlay-opacity":"","overlay-gradient":""}},"footnotes":""},"class_list":["post-37","page","type-page","status-publish","hentry"],"yoast_head":"<!-- This site is optimized with the Yoast SEO plugin v26.8 - https:\/\/yoast.com\/product\/yoast-seo-wordpress\/ -->\n<title>Contato -<\/title>\n<meta name=\"robots\" content=\"index, follow, max-snippet:-1, max-image-preview:large, max-video-preview:-1\" \/>\n<link rel=\"canonical\" href=\"https:\/\/bibliotequese.com\/main\/contato\/\" \/>\n<meta property=\"og:locale\" content=\"pt_BR\" \/>\n<meta property=\"og:type\" content=\"article\" \/>\n<meta property=\"og:title\" content=\"Contato -\" \/>\n<meta property=\"og:description\" content=\"Contate-nos para Consultas Estamos aqui para ajudar. Envie suas d\u00favidas ou solicite mais informa\u00e7\u00f5es. Telefone e whatsapp: 11 96730-8290 Siga-nos:\" \/>\n<meta property=\"og:url\" content=\"https:\/\/bibliotequese.com\/main\/contato\/\" \/>\n<meta property=\"article:modified_time\" content=\"2025-12-13T22:09:32+00:00\" \/>\n<meta name=\"twitter:card\" content=\"summary_large_image\" \/>\n<script type=\"application\/ld+json\" class=\"yoast-schema-graph\">{\"@context\":\"https:\/\/schema.org\",\"@graph\":[{\"@type\":\"WebPage\",\"@id\":\"https:\/\/bibliotequese.com\/main\/contato\/\",\"url\":\"https:\/\/bibliotequese.com\/main\/contato\/\",\"name\":\"Contato -\",\"isPartOf\":{\"@id\":\"https:\/\/bibliotequese.com\/main\/#website\"},\"datePublished\":\"2024-09-19T00:43:52+00:00\",\"dateModified\":\"2025-12-13T22:09:32+00:00\",\"breadcrumb\":{\"@id\":\"https:\/\/bibliotequese.com\/main\/contato\/#breadcrumb\"},\"inLanguage\":\"pt-BR\",\"potentialAction\":[{\"@type\":\"ReadAction\",\"target\":[\"https:\/\/bibliotequese.com\/main\/contato\/\"]}]},{\"@type\":\"BreadcrumbList\",\"@id\":\"https:\/\/bibliotequese.com\/main\/contato\/#breadcrumb\",\"itemListElement\":[{\"@type\":\"ListItem\",\"position\":1,\"name\":\"In\u00edcio\",\"item\":\"https:\/\/bibliotequese.com\/main\/\"},{\"@type\":\"ListItem\",\"position\":2,\"name\":\"Contato\"}]},{\"@type\":\"WebSite\",\"@id\":\"https:\/\/bibliotequese.com\/main\/#website\",\"url\":\"https:\/\/bibliotequese.com\/main\/\",\"name\":\"Biblioteque-se\",\"description\":\"\",\"publisher\":{\"@id\":\"https:\/\/bibliotequese.com\/main\/#organization\"},\"potentialAction\":[{\"@type\":\"SearchAction\",\"target\":{\"@type\":\"EntryPoint\",\"urlTemplate\":\"https:\/\/bibliotequese.com\/main\/?s={search_term_string}\"},\"query-input\":{\"@type\":\"PropertyValueSpecification\",\"valueRequired\":true,\"valueName\":\"search_term_string\"}}],\"inLanguage\":\"pt-BR\"},{\"@type\":\"Organization\",\"@id\":\"https:\/\/bibliotequese.com\/main\/#organization\",\"name\":\"Biblioteque-se\",\"url\":\"https:\/\/bibliotequese.com\/main\/\",\"logo\":{\"@type\":\"ImageObject\",\"inLanguage\":\"pt-BR\",\"@id\":\"https:\/\/bibliotequese.com\/main\/#\/schema\/logo\/image\/\",\"url\":\"https:\/\/bibliotequese.com\/main\/wp-content\/uploads\/2025\/03\/cropped-Sem_titulo-removebg-preview-1.png\",\"contentUrl\":\"https:\/\/bibliotequese.com\/main\/wp-content\/uploads\/2025\/03\/cropped-Sem_titulo-removebg-preview-1.png\",\"width\":801,\"height\":228,\"caption\":\"Biblioteque-se\"},\"image\":{\"@id\":\"https:\/\/bibliotequese.com\/main\/#\/schema\/logo\/image\/\"}}]}<\/script>\n<!-- \/ Yoast SEO plugin. -->","yoast_head_json":{"title":"Contato -","robots":{"index":"index","follow":"follow","max-snippet":"max-snippet:-1","max-image-preview":"max-image-preview:large","max-video-preview":"max-video-preview:-1"},"canonical":"https:\/\/bibliotequese.com\/main\/contato\/","og_locale":"pt_BR","og_type":"article","og_title":"Contato -","og_description":"Contate-nos para Consultas Estamos aqui para ajudar. Envie suas d\u00favidas ou solicite mais informa\u00e7\u00f5es. Telefone e whatsapp: 11 96730-8290 Siga-nos:","og_url":"https:\/\/bibliotequese.com\/main\/contato\/","article_modified_time":"2025-12-13T22:09:32+00:00","twitter_card":"summary_large_image","schema":{"@context":"https:\/\/schema.org","@graph":[{"@type":"WebPage","@id":"https:\/\/bibliotequese.com\/main\/contato\/","url":"https:\/\/bibliotequese.com\/main\/contato\/","name":"Contato -","isPartOf":{"@id":"https:\/\/bibliotequese.com\/main\/#website"},"datePublished":"2024-09-19T00:43:52+00:00","dateModified":"2025-12-13T22:09:32+00:00","breadcrumb":{"@id":"https:\/\/bibliotequese.com\/main\/contato\/#breadcrumb"},"inLanguage":"pt-BR","potentialAction":[{"@type":"ReadAction","target":["https:\/\/bibliotequese.com\/main\/contato\/"]}]},{"@type":"BreadcrumbList","@id":"https:\/\/bibliotequese.com\/main\/contato\/#breadcrumb","itemListElement":[{"@type":"ListItem","position":1,"name":"In\u00edcio","item":"https:\/\/bibliotequese.com\/main\/"},{"@type":"ListItem","position":2,"name":"Contato"}]},{"@type":"WebSite","@id":"https:\/\/bibliotequese.com\/main\/#website","url":"https:\/\/bibliotequese.com\/main\/","name":"Biblioteque-se","description":"","publisher":{"@id":"https:\/\/bibliotequese.com\/main\/#organization"},"potentialAction":[{"@type":"SearchAction","target":{"@type":"EntryPoint","urlTemplate":"https:\/\/bibliotequese.com\/main\/?s={search_term_string}"},"query-input":{"@type":"PropertyValueSpecification","valueRequired":true,"valueName":"search_term_string"}}],"inLanguage":"pt-BR"},{"@type":"Organization","@id":"https:\/\/bibliotequese.com\/main\/#organization","name":"Biblioteque-se","url":"https:\/\/bibliotequese.com\/main\/","logo":{"@type":"ImageObject","inLanguage":"pt-BR","@id":"https:\/\/bibliotequese.com\/main\/#\/schema\/logo\/image\/","url":"https:\/\/bibliotequese.com\/main\/wp-content\/uploads\/2025\/03\/cropped-Sem_titulo-removebg-preview-1.png","contentUrl":"https:\/\/bibliotequese.com\/main\/wp-content\/uploads\/2025\/03\/cropped-Sem_titulo-removebg-preview-1.png","width":801,"height":228,"caption":"Biblioteque-se"},"image":{"@id":"https:\/\/bibliotequese.com\/main\/#\/schema\/logo\/image\/"}}]}},"uagb_featured_image_src":{"full":false,"thumbnail":false,"medium":false,"medium_large":false,"large":false,"1536x1536":false,"2048x2048":false},"uagb_author_info":{"display_name":"taila_biblio","author_link":"https:\/\/bibliotequese.com\/main\/author\/taila_biblio\/"},"uagb_comment_info":0,"uagb_excerpt":"Contate-nos para Consultas Estamos aqui para ajudar. Envie suas d\u00favidas ou solicite mais informa\u00e7\u00f5es. Telefone e whatsapp: 11 96730-8290 Siga-nos:","_links":{"self":[{"href":"https:\/\/bibliotequese.com\/main\/wp-json\/wp\/v2\/pages\/37","targetHints":{"allow":["GET"]}}],"collection":[{"href":"https:\/\/bibliotequese.com\/main\/wp-json\/wp\/v2\/pages"}],"about":[{"href":"https:\/\/bibliotequese.com\/main\/wp-json\/wp\/v2\/types\/page"}],"author":[{"embeddable":true,"href":"https:\/\/bibliotequese.com\/main\/wp-json\/wp\/v2\/users\/1"}],"replies":[{"embeddable":true,"href":"https:\/\/bibliotequese.com\/main\/wp-json\/wp\/v2\/comments?post=37"}],"version-history":[{"count":24,"href":"https:\/\/bibliotequese.com\/main\/wp-json\/wp\/v2\/pages\/37\/revisions"}],"predecessor-version":[{"id":1773,"href":"https:\/\/bibliotequese.com\/main\/wp-json\/wp\/v2\/pages\/37\/revisions\/1773"}],"wp:attachment":[{"href":"https:\/\/bibliotequese.com\/main\/wp-json\/wp\/v2\/media?parent=37"}],"curies":[{"name":"wp","href":"https:\/\/api.w.org\/{rel}","templated":true}]}}