{"id":33,"date":"2024-09-19T00:43:52","date_gmt":"2024-09-19T00:43:52","guid":{"rendered":"https:\/\/bibliotequese.com\/main\/home\/"},"modified":"2025-12-13T23:53:32","modified_gmt":"2025-12-13T23:53:32","slug":"home","status":"publish","type":"page","link":"https:\/\/bibliotequese.com\/main\/","title":{"rendered":"Home"},"content":{"rendered":"\n<figure class=\"wp-block-image alignfull size-full\"><img decoding=\"async\" src=\"https:\/\/bibliotequese.com\/main\/wp-content\/uploads\/2025\/12\/Home-1.svg\" alt=\"\" class=\"wp-image-1751\"\/><\/figure>\n\n\n\n<figure class=\"wp-block-image alignfull size-full\"><img decoding=\"async\" src=\"https:\/\/bibliotequese.com\/main\/wp-content\/uploads\/2025\/12\/BIBLIOTEQUE-SE-1.svg\" alt=\"\" class=\"wp-image-1737\"\/><\/figure>\n\n\n\n<figure class=\"wp-block-image alignfull size-full\"><img decoding=\"async\" src=\"https:\/\/bibliotequese.com\/main\/wp-content\/uploads\/2025\/12\/BIBLIOTEQUE-SE-14.svg\" alt=\"\" class=\"wp-image-1798\"\/><\/figure>\n\n\n\n<div class=\"wp-block-uagb-container uagb-block-b0c7682e default uagb-is-root-container\">\n<div class=\"wp-block-uagb-info-box uagb-block-5da46a4b uagb-infobox__content-wrap  uagb-infobox-icon-above-title uagb-infobox-image-valign-top\"><div class=\"uagb-ifb-content\"><div class=\"uagb-ifb-title-wrap\"><h2 class=\"uagb-ifb-title\"><mark style=\"background-color:rgba(0, 0, 0, 0)\" class=\"has-inline-color has-ast-global-color-0-color\">Assist\u00eancia para a <\/mark><a href=\"https:\/\/bibliotequese.com\/main\/lei\/\" data-type=\"page\" data-id=\"886\">Lei da Universaliza\u00e7\u00e3o das Bibliotecas Escolares<\/a><mark style=\"background-color:rgba(0, 0, 0, 0)\" class=\"has-inline-color has-ast-global-color-0-color\">  <\/mark><\/h2><\/div><div class=\"uagb-ifb-separator\"><\/div><p class=\"uagb-ifb-desc\"><br>Desde 8 de abril de 2024, a digitaliza\u00e7\u00e3o de bibliotecas e necess\u00e1ria por lei. Estamos aqui para consertar este problema.<\/p><\/div><\/div>\n<\/div>\n\n\n\n<figure class=\"wp-block-image alignfull size-full\"><img decoding=\"async\" src=\"https:\/\/bibliotequese.com\/main\/wp-content\/uploads\/2025\/12\/Fale-conosco-2.svg\" alt=\"\" class=\"wp-image-1759\"\/><\/figure>\n\n\n\n<div class=\"wp-block-uagb-info-box uagb-block-5fc2fa71 uagb-infobox__content-wrap  uagb-infobox-icon-above-title uagb-infobox-image-valign-top\"><div class=\"uagb-ifb-content\"><div class=\"uagb-ifb-title-wrap\"><div class=\"uagb-ifb-separator\"><\/div><h2 class=\"uagb-ifb-title\">Nossos Processos<\/h2><\/div><p class=\"uagb-ifb-desc\">Entenda como nossos servi\u00e7os s\u00e3o realizados<\/p><\/div><\/div>\n\n\n\n<div class=\"wp-block-uagb-container uagb-block-e78a878f alignfull uagb-is-root-container\"><div class=\"uagb-container-inner-blocks-wrap\">\n<div class=\"wp-block-uagb-info-box uagb-block-a5540edd uagb-infobox__content-wrap  uagb-infobox-icon-above-title uagb-infobox-image-valign-top\"><div class=\"uagb-ifb-content\"><div class=\"uagb-ifb-title-wrap\"><span class=\"uagb-ifb-title-prefix\">01<\/span><h3 class=\"uagb-ifb-title\">Avalia\u00e7\u00e3o Inicial<\/h3><\/div><p class=\"uagb-ifb-desc\">Conhe\u00e7a as necessidades da sua biblioteca, entenda op\u00e7\u00f5es que podem ser feitas, e ent\u00e3o avalie qual a que se adapta melhor aos seus objetivos.<\/p><\/div><\/div>\n\n\n\n<div class=\"wp-block-uagb-info-box uagb-block-83116cbf uagb-infobox__content-wrap  uagb-infobox-icon-above-title uagb-infobox-image-valign-top\"><div class=\"uagb-ifb-content\"><div class=\"uagb-ifb-title-wrap\"><span class=\"uagb-ifb-title-prefix\">02<\/span><h3 class=\"uagb-ifb-title\">Implementa\u00e7\u00e3o de Solu\u00e7\u00f5es<\/h3><\/div><p class=\"uagb-ifb-desc\">Aplica\u00e7\u00e3o de estrat\u00e9gias personalizadas utilizando as tecnologias mais recentes aliadas aos melhores profissionais da \u00e1rea.<\/p><\/div><\/div>\n\n\n\n<div class=\"wp-block-uagb-info-box uagb-block-0b30c83f uagb-infobox__content-wrap  uagb-infobox-icon-above-title uagb-infobox-image-valign-top\"><div class=\"uagb-ifb-content\"><div class=\"uagb-ifb-title-wrap\"><span class=\"uagb-ifb-title-prefix\">03<\/span><h3 class=\"uagb-ifb-title\">Acompanhamento Cont\u00ednuo<\/h3><\/div><p class=\"uagb-ifb-desc\">Mantenha sua biblioteca sempre em evolu\u00e7\u00e3o com as melhores ideias de maneira facil e \u00e1gil.<br><br><br><br><\/p><\/div><\/div>\n<\/div><\/div>\n\n\n\n<div class=\"wp-block-uagb-container uagb-block-be689331 default uagb-is-root-container\">\n<div class=\"wp-block-uagb-container uagb-block-17178d61\">\n<div class=\"wp-block-group is-vertical is-layout-flex wp-container-core-group-is-layout-fe9cc265 wp-block-group-is-layout-flex\">\n<div class=\"wp-block-uagb-info-box uagb-block-a644a9a5 uagb-infobox__content-wrap  uagb-infobox-icon-above-title uagb-infobox-image-valign-top\"><div class=\"uagb-ifb-content\"><div class=\"uagb-ifb-title-wrap\"><div class=\"uagb-ifb-separator\"><\/div><h2 class=\"uagb-ifb-title\">Nossos clientes<\/h2><\/div><p class=\"uagb-ifb-desc\">Alguns de nossos clientes satisfeitos com os servi\u00e7os prestados.<\/p><\/div><\/div>\n<\/div>\n<\/div>\n<\/div>\n\n\n\n<div class=\"wp-block-columns alignfull are-vertically-aligned-top is-layout-flex wp-container-core-columns-is-layout-28f84493 wp-block-columns-is-layout-flex\">\n<div class=\"wp-block-column is-vertically-aligned-top is-layout-flow wp-block-column-is-layout-flow\">\n<figure class=\"wp-block-image alignfull size-full has-custom-border is-style-rounded wp-duotone-104563-rgb241237235-1\"><img decoding=\"async\" width=\"400\" height=\"400\" src=\"https:\/\/bibliotequese.com\/main\/wp-content\/uploads\/2024\/10\/logo_colegio_benjamin_constant.png\" alt=\"\" class=\"wp-image-1102\" style=\"border-style:none;border-width:0px\" srcset=\"https:\/\/bibliotequese.com\/main\/wp-content\/uploads\/2024\/10\/logo_colegio_benjamin_constant.png 400w, https:\/\/bibliotequese.com\/main\/wp-content\/uploads\/2024\/10\/logo_colegio_benjamin_constant-300x300.png 300w, https:\/\/bibliotequese.com\/main\/wp-content\/uploads\/2024\/10\/logo_colegio_benjamin_constant-150x150.png 150w\" sizes=\"(max-width: 400px) 100vw, 400px\" \/><\/figure>\n\n\n\n<h2 class=\"wp-block-heading has-text-align-center\">Col\u00e9gio Benjamin Constant<\/h2>\n\n\n\n<ul class=\"wp-block-list\">\n<li>Cataloga\u00e7\u00e3o e classifica\u00e7\u00e3o de livros <\/li>\n\n\n\n<li>Aquisi\u00e7\u00e3o de novas obras <\/li>\n\n\n\n<li>Reestrutura\u00e7\u00e3o e informatiza\u00e7\u00e3o de acervo.<\/li>\n<\/ul>\n<\/div>\n\n\n\n<div class=\"wp-block-column is-vertically-aligned-top is-layout-flow wp-block-column-is-layout-flow\">\n<figure class=\"wp-block-image size-full is-style-rounded wp-duotone-rgb166999-ffffff-2\"><img decoding=\"async\" width=\"900\" height=\"900\" src=\"https:\/\/bibliotequese.com\/main\/wp-content\/uploads\/2024\/10\/logo2.png\" alt=\"\" class=\"wp-image-1104\" srcset=\"https:\/\/bibliotequese.com\/main\/wp-content\/uploads\/2024\/10\/logo2.png 900w, https:\/\/bibliotequese.com\/main\/wp-content\/uploads\/2024\/10\/logo2-300x300.png 300w, https:\/\/bibliotequese.com\/main\/wp-content\/uploads\/2024\/10\/logo2-150x150.png 150w, https:\/\/bibliotequese.com\/main\/wp-content\/uploads\/2024\/10\/logo2-768x768.png 768w\" sizes=\"(max-width: 900px) 100vw, 900px\" \/><\/figure>\n\n\n\n<h2 class=\"wp-block-heading has-text-align-center\">Faculdade Santa Joana<\/h2>\n\n\n\n<ul class=\"wp-block-list\">\n<li>Elabora\u00e7\u00e3o de Projeto Pedag\u00f3gico Curricular<\/li>\n\n\n\n<li>para atendimento \u00e0s Comiss\u00f5es e-MEC Aquisi\u00e7\u00e3o<\/li>\n\n\n\n<li>de software, cataloga\u00e7\u00e3o e classifica\u00e7\u00e3o de<\/li>\n\n\n\n<li>livros Atendimento \u00e0s Comiss\u00f5es e-MEC para<\/li>\n\n\n\n<li>autoriza\u00e7\u00e3o de Curso na IES.<\/li>\n<\/ul>\n<\/div>\n\n\n\n<div class=\"wp-block-column is-vertically-aligned-top is-layout-flow wp-block-column-is-layout-flow\">\n<figure class=\"wp-block-image size-full is-resized has-custom-border is-style-rounded wp-duotone-rgb166999-ffffff-3\"><img decoding=\"async\" width=\"500\" height=\"500\" src=\"https:\/\/bibliotequese.com\/main\/wp-content\/uploads\/2024\/10\/colgio_certus_logo2.png\" alt=\"\" class=\"wp-image-1100\" style=\"border-style:none;border-width:0px;width:560px;height:auto\" srcset=\"https:\/\/bibliotequese.com\/main\/wp-content\/uploads\/2024\/10\/colgio_certus_logo2.png 500w, https:\/\/bibliotequese.com\/main\/wp-content\/uploads\/2024\/10\/colgio_certus_logo2-300x300.png 300w, https:\/\/bibliotequese.com\/main\/wp-content\/uploads\/2024\/10\/colgio_certus_logo2-150x150.png 150w\" sizes=\"(max-width: 500px) 100vw, 500px\" \/><\/figure>\n\n\n\n<h2 class=\"wp-block-heading has-text-align-center\">Col\u00e9gio Certus   <\/h2>\n\n\n\n<p><\/p>\n\n\n\n<p><\/p>\n\n\n\n<ul class=\"wp-block-list\">\n<li>Cataloga\u00e7\u00e3o e classifica\u00e7\u00e3o de livros <\/li>\n\n\n\n<li>Aquisi\u00e7\u00e3o de novas obras <\/li>\n\n\n\n<li>Reestrutura\u00e7\u00e3o e informatiza\u00e7\u00e3o de acervo.<\/li>\n<\/ul>\n<\/div>\n<\/div>\n\n\n\n<div class=\"wp-block-uagb-container uagb-block-18b3bf3f alignfull uagb-is-root-container\"><div class=\"uagb-container-inner-blocks-wrap\">\n<div class=\"wp-block-uagb-info-box uagb-block-785d4755 uagb-infobox__content-wrap  uagb-infobox-icon-above-title uagb-infobox-image-valign-top\"><div class=\"uagb-ifb-content\"><div class=\"uagb-ifb-title-wrap\"><div class=\"uagb-ifb-separator\"><\/div><h2 class=\"uagb-ifb-title\">Transforme sua biblioteca conosco agora mesmo<\/h2><\/div><div class=\"uagb-ifb-button-wrapper wp-block-button\"><a href=\"..\/..\/main\/\" class=\"uagb-infobox-cta-link wp-block-button__link\" target=\"_self\" rel=\"noopener noreferrer\" onclick=\"return true;\"><span class=\"uagb-inline-editing\">Saiba mais<\/span><\/a><\/div><\/div><\/div>\n<\/div><\/div>\n\n\n\n<p><\/p>\n","protected":false},"excerpt":{"rendered":"<p>Col\u00e9gio Benjamin Constant Faculdade Santa Joana Col\u00e9gio Certus<\/p>\n","protected":false},"author":1,"featured_media":0,"parent":0,"menu_order":0,"comment_status":"closed","ping_status":"closed","template":"","meta":{"_uag_custom_page_level_css":"","site-sidebar-layout":"left-sidebar","site-content-layout":"","ast-site-content-layout":"full-width-container","site-content-style":"unboxed","site-sidebar-style":"boxed","ast-global-header-display":"","ast-banner-title-visibility":"disabled","ast-main-header-display":"","ast-hfb-above-header-display":"","ast-hfb-below-header-display":"","ast-hfb-mobile-header-display":"","site-post-title":"disabled","ast-breadcrumbs-content":"","ast-featured-img":"","footer-sml-layout":"","theme-transparent-header-meta":"enabled","adv-header-id-meta":"","stick-header-meta":"","header-above-stick-meta":"","header-main-stick-meta":"","header-below-stick-meta":"","astra-migrate-meta-layouts":"default","ast-page-background-enabled":"default","ast-page-background-meta":{"desktop":{"background-color":"var(--ast-global-color-4)","background-image":"","background-repeat":"repeat","background-position":"center center","background-size":"auto","background-attachment":"scroll","background-type":"","background-media":"","overlay-type":"","overlay-color":"","overlay-opacity":"","overlay-gradient":""},"tablet":{"background-color":"","background-image":"","background-repeat":"repeat","background-position":"center center","background-size":"auto","background-attachment":"scroll","background-type":"","background-media":"","overlay-type":"","overlay-color":"","overlay-opacity":"","overlay-gradient":""},"mobile":{"background-color":"","background-image":"","background-repeat":"repeat","background-position":"center center","background-size":"auto","background-attachment":"scroll","background-type":"","background-media":"","overlay-type":"","overlay-color":"","overlay-opacity":"","overlay-gradient":""}},"ast-content-background-meta":{"desktop":{"background-color":"var(--ast-global-color-5)","background-image":"","background-repeat":"repeat","background-position":"center center","background-size":"auto","background-attachment":"scroll","background-type":"","background-media":"","overlay-type":"","overlay-color":"","overlay-opacity":"","overlay-gradient":""},"tablet":{"background-color":"var(--ast-global-color-5)","background-image":"","background-repeat":"repeat","background-position":"center center","background-size":"auto","background-attachment":"scroll","background-type":"","background-media":"","overlay-type":"","overlay-color":"","overlay-opacity":"","overlay-gradient":""},"mobile":{"background-color":"var(--ast-global-color-5)","background-image":"","background-repeat":"repeat","background-position":"center center","background-size":"auto","background-attachment":"scroll","background-type":"","background-media":"","overlay-type":"","overlay-color":"","overlay-opacity":"","overlay-gradient":""}},"footnotes":""},"class_list":["post-33","page","type-page","status-publish","hentry"],"yoast_head":"<!-- This site is optimized with the Yoast SEO plugin v26.8 - https:\/\/yoast.com\/product\/yoast-seo-wordpress\/ -->\n<title>Home -<\/title>\n<meta name=\"robots\" content=\"index, follow, max-snippet:-1, max-image-preview:large, max-video-preview:-1\" \/>\n<link rel=\"canonical\" href=\"https:\/\/bibliotequese.com\/main\/\" \/>\n<meta property=\"og:locale\" content=\"pt_BR\" \/>\n<meta property=\"og:type\" content=\"article\" \/>\n<meta property=\"og:title\" content=\"Home -\" \/>\n<meta property=\"og:description\" content=\"Col\u00e9gio Benjamin Constant Faculdade Santa Joana Col\u00e9gio Certus\" \/>\n<meta property=\"og:url\" content=\"https:\/\/bibliotequese.com\/main\/\" \/>\n<meta property=\"article:modified_time\" content=\"2025-12-13T23:53:32+00:00\" \/>\n<meta name=\"twitter:card\" content=\"summary_large_image\" \/>\n<meta name=\"twitter:label1\" content=\"Est. tempo de leitura\" \/>\n\t<meta name=\"twitter:data1\" content=\"1 minuto\" \/>\n<script type=\"application\/ld+json\" class=\"yoast-schema-graph\">{\"@context\":\"https:\/\/schema.org\",\"@graph\":[{\"@type\":\"WebPage\",\"@id\":\"https:\/\/bibliotequese.com\/main\/\",\"url\":\"https:\/\/bibliotequese.com\/main\/\",\"name\":\"Home -\",\"isPartOf\":{\"@id\":\"https:\/\/bibliotequese.com\/main\/#website\"},\"primaryImageOfPage\":{\"@id\":\"https:\/\/bibliotequese.com\/main\/#primaryimage\"},\"image\":{\"@id\":\"https:\/\/bibliotequese.com\/main\/#primaryimage\"},\"thumbnailUrl\":\"https:\/\/bibliotequese.com\/main\/wp-content\/uploads\/2025\/12\/Home-1.svg\",\"datePublished\":\"2024-09-19T00:43:52+00:00\",\"dateModified\":\"2025-12-13T23:53:32+00:00\",\"breadcrumb\":{\"@id\":\"https:\/\/bibliotequese.com\/main\/#breadcrumb\"},\"inLanguage\":\"pt-BR\",\"potentialAction\":[{\"@type\":\"ReadAction\",\"target\":[\"https:\/\/bibliotequese.com\/main\/\"]}]},{\"@type\":\"ImageObject\",\"inLanguage\":\"pt-BR\",\"@id\":\"https:\/\/bibliotequese.com\/main\/#primaryimage\",\"url\":\"https:\/\/bibliotequese.com\/main\/wp-content\/uploads\/2025\/12\/Home-1.svg\",\"contentUrl\":\"https:\/\/bibliotequese.com\/main\/wp-content\/uploads\/2025\/12\/Home-1.svg\"},{\"@type\":\"BreadcrumbList\",\"@id\":\"https:\/\/bibliotequese.com\/main\/#breadcrumb\",\"itemListElement\":[{\"@type\":\"ListItem\",\"position\":1,\"name\":\"In\u00edcio\",\"item\":\"https:\/\/bibliotequese.com\/main\/\"},{\"@type\":\"ListItem\",\"position\":2,\"name\":\"Home\"}]},{\"@type\":\"WebSite\",\"@id\":\"https:\/\/bibliotequese.com\/main\/#website\",\"url\":\"https:\/\/bibliotequese.com\/main\/\",\"name\":\"Biblioteque-se\",\"description\":\"\",\"publisher\":{\"@id\":\"https:\/\/bibliotequese.com\/main\/#organization\"},\"potentialAction\":[{\"@type\":\"SearchAction\",\"target\":{\"@type\":\"EntryPoint\",\"urlTemplate\":\"https:\/\/bibliotequese.com\/main\/?s={search_term_string}\"},\"query-input\":{\"@type\":\"PropertyValueSpecification\",\"valueRequired\":true,\"valueName\":\"search_term_string\"}}],\"inLanguage\":\"pt-BR\"},{\"@type\":\"Organization\",\"@id\":\"https:\/\/bibliotequese.com\/main\/#organization\",\"name\":\"Biblioteque-se\",\"url\":\"https:\/\/bibliotequese.com\/main\/\",\"logo\":{\"@type\":\"ImageObject\",\"inLanguage\":\"pt-BR\",\"@id\":\"https:\/\/bibliotequese.com\/main\/#\/schema\/logo\/image\/\",\"url\":\"https:\/\/bibliotequese.com\/main\/wp-content\/uploads\/2025\/03\/cropped-Sem_titulo-removebg-preview-1.png\",\"contentUrl\":\"https:\/\/bibliotequese.com\/main\/wp-content\/uploads\/2025\/03\/cropped-Sem_titulo-removebg-preview-1.png\",\"width\":801,\"height\":228,\"caption\":\"Biblioteque-se\"},\"image\":{\"@id\":\"https:\/\/bibliotequese.com\/main\/#\/schema\/logo\/image\/\"}}]}<\/script>\n<!-- \/ Yoast SEO plugin. -->","yoast_head_json":{"title":"Home -","robots":{"index":"index","follow":"follow","max-snippet":"max-snippet:-1","max-image-preview":"max-image-preview:large","max-video-preview":"max-video-preview:-1"},"canonical":"https:\/\/bibliotequese.com\/main\/","og_locale":"pt_BR","og_type":"article","og_title":"Home -","og_description":"Col\u00e9gio Benjamin Constant Faculdade Santa Joana Col\u00e9gio Certus","og_url":"https:\/\/bibliotequese.com\/main\/","article_modified_time":"2025-12-13T23:53:32+00:00","twitter_card":"summary_large_image","twitter_misc":{"Est. tempo de leitura":"1 minuto"},"schema":{"@context":"https:\/\/schema.org","@graph":[{"@type":"WebPage","@id":"https:\/\/bibliotequese.com\/main\/","url":"https:\/\/bibliotequese.com\/main\/","name":"Home -","isPartOf":{"@id":"https:\/\/bibliotequese.com\/main\/#website"},"primaryImageOfPage":{"@id":"https:\/\/bibliotequese.com\/main\/#primaryimage"},"image":{"@id":"https:\/\/bibliotequese.com\/main\/#primaryimage"},"thumbnailUrl":"https:\/\/bibliotequese.com\/main\/wp-content\/uploads\/2025\/12\/Home-1.svg","datePublished":"2024-09-19T00:43:52+00:00","dateModified":"2025-12-13T23:53:32+00:00","breadcrumb":{"@id":"https:\/\/bibliotequese.com\/main\/#breadcrumb"},"inLanguage":"pt-BR","potentialAction":[{"@type":"ReadAction","target":["https:\/\/bibliotequese.com\/main\/"]}]},{"@type":"ImageObject","inLanguage":"pt-BR","@id":"https:\/\/bibliotequese.com\/main\/#primaryimage","url":"https:\/\/bibliotequese.com\/main\/wp-content\/uploads\/2025\/12\/Home-1.svg","contentUrl":"https:\/\/bibliotequese.com\/main\/wp-content\/uploads\/2025\/12\/Home-1.svg"},{"@type":"BreadcrumbList","@id":"https:\/\/bibliotequese.com\/main\/#breadcrumb","itemListElement":[{"@type":"ListItem","position":1,"name":"In\u00edcio","item":"https:\/\/bibliotequese.com\/main\/"},{"@type":"ListItem","position":2,"name":"Home"}]},{"@type":"WebSite","@id":"https:\/\/bibliotequese.com\/main\/#website","url":"https:\/\/bibliotequese.com\/main\/","name":"Biblioteque-se","description":"","publisher":{"@id":"https:\/\/bibliotequese.com\/main\/#organization"},"potentialAction":[{"@type":"SearchAction","target":{"@type":"EntryPoint","urlTemplate":"https:\/\/bibliotequese.com\/main\/?s={search_term_string}"},"query-input":{"@type":"PropertyValueSpecification","valueRequired":true,"valueName":"search_term_string"}}],"inLanguage":"pt-BR"},{"@type":"Organization","@id":"https:\/\/bibliotequese.com\/main\/#organization","name":"Biblioteque-se","url":"https:\/\/bibliotequese.com\/main\/","logo":{"@type":"ImageObject","inLanguage":"pt-BR","@id":"https:\/\/bibliotequese.com\/main\/#\/schema\/logo\/image\/","url":"https:\/\/bibliotequese.com\/main\/wp-content\/uploads\/2025\/03\/cropped-Sem_titulo-removebg-preview-1.png","contentUrl":"https:\/\/bibliotequese.com\/main\/wp-content\/uploads\/2025\/03\/cropped-Sem_titulo-removebg-preview-1.png","width":801,"height":228,"caption":"Biblioteque-se"},"image":{"@id":"https:\/\/bibliotequese.com\/main\/#\/schema\/logo\/image\/"}}]}},"uagb_featured_image_src":{"full":false,"thumbnail":false,"medium":false,"medium_large":false,"large":false,"1536x1536":false,"2048x2048":false},"uagb_author_info":{"display_name":"taila_biblio","author_link":"https:\/\/bibliotequese.com\/main\/author\/taila_biblio\/"},"uagb_comment_info":0,"uagb_excerpt":"Col\u00e9gio Benjamin Constant Faculdade Santa Joana Col\u00e9gio Certus","_links":{"self":[{"href":"https:\/\/bibliotequese.com\/main\/wp-json\/wp\/v2\/pages\/33","targetHints":{"allow":["GET"]}}],"collection":[{"href":"https:\/\/bibliotequese.com\/main\/wp-json\/wp\/v2\/pages"}],"about":[{"href":"https:\/\/bibliotequese.com\/main\/wp-json\/wp\/v2\/types\/page"}],"author":[{"embeddable":true,"href":"https:\/\/bibliotequese.com\/main\/wp-json\/wp\/v2\/users\/1"}],"replies":[{"embeddable":true,"href":"https:\/\/bibliotequese.com\/main\/wp-json\/wp\/v2\/comments?post=33"}],"version-history":[{"count":95,"href":"https:\/\/bibliotequese.com\/main\/wp-json\/wp\/v2\/pages\/33\/revisions"}],"predecessor-version":[{"id":1799,"href":"https:\/\/bibliotequese.com\/main\/wp-json\/wp\/v2\/pages\/33\/revisions\/1799"}],"wp:attachment":[{"href":"https:\/\/bibliotequese.com\/main\/wp-json\/wp\/v2\/media?parent=33"}],"curies":[{"name":"wp","href":"https:\/\/api.w.org\/{rel}","templated":true}]}}